{"id":4206,"date":"2026-05-03T16:05:07","date_gmt":"2026-05-03T16:05:07","guid":{"rendered":"https:\/\/www.auditoriumsalta.com\/?post_type=product&#038;p=4206"},"modified":"2026-05-03T16:18:06","modified_gmt":"2026-05-03T16:18:06","slug":"buscame-en-tu-reflejo-15-y-16-de-mayo-21-hs","status":"publish","type":"product","link":"https:\/\/www.auditoriumsalta.com\/index.php\/producto\/buscame-en-tu-reflejo-15-y-16-de-mayo-21-hs\/","title":{"rendered":"B\u00daSCAME EN TU REFLEJO &#8211; 15 y 16 de Mayo &#8211; 21 hs."},"content":{"rendered":"<h3>15 y 16 de Mayo &#8211; 21 hs.<br \/>\nB\u00daSCAME EN TU REFLEJO<br \/>\nde Candela Sof\u00eda Meriles<br \/>\nTodas las personas son encerradas en una habitaci\u00f3n individual desde que nacen, con el objetivo de ser corregidas y adaptadas para poder formar parte del mundo exterior. Sociedad, la encargada de decidir lo que es correcto y lo que no, se basa en sus propias reglas y creencias para decir qui\u00e9nes pueden salir afuera y qui\u00e9nes deben continuar en el proceso.<br \/>\nLa adolescente protagonista comienza a sufrir rotundamente por los cambios violentos y radicales que Sociedad impone sobre ella. En medio de una crisis de identidad, podr\u00e1 comenzar a hablar con su versi\u00f3n adulta, qui\u00e9n le har\u00e1 darse cuenta de que se perdi\u00f3 a s\u00ed misma en el intento de encajar.<br \/>\nElla la acompa\u00f1ar\u00e1 y la motivar\u00e1 en este proceso que no termina nunca, donde la \u00fanica forma de superarlo, es hacerle frente y hacer o\u00edr su voz.<br \/>\nDramaturgia y Direcci\u00f3n: Candela Meriles<br \/>\nElenco:<br \/>\n&#8211; Adolescente: Candela Meriles<br \/>\n&#8211; Sociedad: Josefina Varela<br \/>\n&#8211; Versi\u00f3n Adulta: Anah\u00ed de Freijo<br \/>\nENTRADA GENERAL: 1 x $15.000<br \/>\nANTICIPADAS: 2 x $25.000- (Cel 3875 16-9297)<br \/>\n&#8211; Estudiantes y Jubilados: 1 x $10.000.- (en puerta el d\u00eda de la funci\u00f3n)<\/h3>\n","protected":false},"excerpt":{"rendered":"<h3>15 y 16 de Mayo &#8211; 21 hs.<br \/>\nB\u00daSCAME EN TU REFLEJO<br \/>\nde Candela Sof\u00eda Meriles<\/h3>\n<h3>Grupo ARTEPHIMERA<\/h3>\n<h3>ENTRADA GENERRAL: $15.000.-<\/h3>\n<h3>PROMOCION: 2 x $25.000.- (Cel. 3875 16-9297)<\/h3>\n<h3>JUBILADOS Y ESTUDIANTES: $ 10.000.- En Boleter\u00eda, d\u00eda de la funci\u00f3n &#8211;<\/h3>\n","protected":false},"featured_media":4208,"comment_status":"open","ping_status":"closed","template":"","meta":[],"product_cat":[18],"product_tag":[],"class_list":{"0":"post-4206","1":"product","2":"type-product","3":"status-publish","4":"has-post-thumbnail","6":"product_cat-sin-categorizar","8":"first","9":"instock","10":"shipping-taxable","11":"purchasable","12":"product-type-variable"},"jetpack_sharing_enabled":true,"_links":{"self":[{"href":"https:\/\/www.auditoriumsalta.com\/index.php\/wp-json\/wp\/v2\/product\/4206","targetHints":{"allow":["GET"]}}],"collection":[{"href":"https:\/\/www.auditoriumsalta.com\/index.php\/wp-json\/wp\/v2\/product"}],"about":[{"href":"https:\/\/www.auditoriumsalta.com\/index.php\/wp-json\/wp\/v2\/types\/product"}],"replies":[{"embeddable":true,"href":"https:\/\/www.auditoriumsalta.com\/index.php\/wp-json\/wp\/v2\/comments?post=4206"}],"wp:featuredmedia":[{"embeddable":true,"href":"https:\/\/www.auditoriumsalta.com\/index.php\/wp-json\/wp\/v2\/media\/4208"}],"wp:attachment":[{"href":"https:\/\/www.auditoriumsalta.com\/index.php\/wp-json\/wp\/v2\/media?parent=4206"}],"wp:term":[{"taxonomy":"product_cat","embeddable":true,"href":"https:\/\/www.auditoriumsalta.com\/index.php\/wp-json\/wp\/v2\/product_cat?post=4206"},{"taxonomy":"product_tag","embeddable":true,"href":"https:\/\/www.auditoriumsalta.com\/index.php\/wp-json\/wp\/v2\/product_tag?post=4206"}],"curies":[{"name":"wp","href":"https:\/\/api.w.org\/{rel}","templated":true}]}}