{"id":4199,"date":"2026-04-08T14:30:28","date_gmt":"2026-04-08T14:30:28","guid":{"rendered":"https:\/\/www.auditoriumsalta.com\/?post_type=product&#038;p=4199"},"modified":"2026-04-09T22:56:40","modified_gmt":"2026-04-09T22:56:40","slug":"yo-soy-una-aventura-emocional-19-de-abril-1830-hs","status":"publish","type":"product","link":"https:\/\/www.auditoriumsalta.com\/index.php\/producto\/yo-soy-una-aventura-emocional-19-de-abril-1830-hs\/","title":{"rendered":"YO SOY: UNA AVENTURA EMOCIONAL &#8211; 19 de Abril- 18,30 hs."},"content":{"rendered":"<h3><strong><u>YO SOY: UNA AVENTURA EMOCIONAL<\/u><\/strong><\/h3>\n<h3>PIPE, es un ni\u00f1o de 12 a\u00f1os, enfrenta los desaf\u00edos de mudarse a la ciudad luego del divorcio de sus padres. Desde dentro de su mente, sus emociones Alegr\u00eda, Furia, Tristeza y Miedo lo acompa\u00f1an en cada paso, tratando de ayudarlo a adaptarse a su nueva vida, hacer nuevos amigos y, sobre todo, entenderse a s\u00ed mismo. Una obra sensible y emotiva\u00a0que habla del bullying, la familia y el valor de ser uno mismo.<\/h3>\n","protected":false},"excerpt":{"rendered":"<h3>19 de Abril &#8211; 18,30 hs.<\/h3>\n<h3><strong><u>YO SOY: UNA AVENTURA EMOCIONAL<\/u><\/strong><\/h3>\n<h3>ELENCO:<\/h3>\n<h3>Alumnos:\u00a0&#8211; Rafael Chica &#8211;\u00a0&#8211; Fede Cancinos &#8211;<\/h3>\n<h3>Emociones:\u00a0&#8211; Jimena Rotundo &#8211;\u00a0&#8211; Antonella Rotundo &#8211;\u00a0&#8211; Ignacio (Nacho) Nu\u00f1ez &#8211;\u00a0&#8211; Pablo Ordo\u00f1ez<\/h3>\n<h3>Madre:\u00a0Claudia Fortuny<\/h3>\n<h3>ENTRADA GENERAL $ 15.000.-\u00a0Promocion:\u00a0 2x $25000<\/h3>\n","protected":false},"featured_media":4201,"comment_status":"open","ping_status":"closed","template":"","meta":[],"product_cat":[18],"product_tag":[],"class_list":{"0":"post-4199","1":"product","2":"type-product","3":"status-publish","4":"has-post-thumbnail","6":"product_cat-sin-categorizar","8":"first","9":"instock","10":"shipping-taxable","11":"purchasable","12":"product-type-variable"},"jetpack_sharing_enabled":true,"_links":{"self":[{"href":"https:\/\/www.auditoriumsalta.com\/index.php\/wp-json\/wp\/v2\/product\/4199","targetHints":{"allow":["GET"]}}],"collection":[{"href":"https:\/\/www.auditoriumsalta.com\/index.php\/wp-json\/wp\/v2\/product"}],"about":[{"href":"https:\/\/www.auditoriumsalta.com\/index.php\/wp-json\/wp\/v2\/types\/product"}],"replies":[{"embeddable":true,"href":"https:\/\/www.auditoriumsalta.com\/index.php\/wp-json\/wp\/v2\/comments?post=4199"}],"wp:featuredmedia":[{"embeddable":true,"href":"https:\/\/www.auditoriumsalta.com\/index.php\/wp-json\/wp\/v2\/media\/4201"}],"wp:attachment":[{"href":"https:\/\/www.auditoriumsalta.com\/index.php\/wp-json\/wp\/v2\/media?parent=4199"}],"wp:term":[{"taxonomy":"product_cat","embeddable":true,"href":"https:\/\/www.auditoriumsalta.com\/index.php\/wp-json\/wp\/v2\/product_cat?post=4199"},{"taxonomy":"product_tag","embeddable":true,"href":"https:\/\/www.auditoriumsalta.com\/index.php\/wp-json\/wp\/v2\/product_tag?post=4199"}],"curies":[{"name":"wp","href":"https:\/\/api.w.org\/{rel}","templated":true}]}}