{"id":4196,"date":"2026-04-08T13:30:15","date_gmt":"2026-04-08T13:30:15","guid":{"rendered":"https:\/\/www.auditoriumsalta.com\/?post_type=product&#038;p=4196"},"modified":"2026-04-08T17:52:52","modified_gmt":"2026-04-08T17:52:52","slug":"prueba-hoy-te-reconoci-video-18-de-abril-21-30hscopy","status":"publish","type":"product","link":"https:\/\/www.auditoriumsalta.com\/index.php\/producto\/prueba-hoy-te-reconoci-video-18-de-abril-21-30hscopy\/","title":{"rendered":"\u201cHOY TE RECONOC\u00cd\u201d, Video &#8211; 18 de abril, &#8211; 21.30hs"},"content":{"rendered":"<h3>El pr\u00f3ximo s\u00e1bado 18 de abril, a las 21.30hs, en el Sal\u00f3n Audit\u00f3rium Dr. Rafael Villagr\u00e1n, sito en Avenida Belgrano N\u00b0 1349, se proyectar\u00e1, en pantalla grande, la serie audiovisual \u201cHoy te reconoc\u00ed\u201d, basada en la exitosa obra teatral del mismo nombre y que cuenta con autor\u00eda de Ignacio Oca\u00f1a.<\/h3>\n<h3>En esta ocasi\u00f3n, podr\u00e1n verse todos los episodios de este producto que fue filmado en la Ciudad de Salta recreando los a\u00f1os 1976 y 1986, con una trama que se centra en la identidad de aquellos tiempos, los secretos familiares y una constante lucha interna y externa contra sentimientos que no pod\u00edan ser vividos con total libertad.<\/h3>\n<h3>A diferencia de la obra teatral, la versi\u00f3n f\u00edlmica ofrece nuevos personajes y sub historias; con un elenco conformado por: Rafael Lamas, G\u00e1briela \u00c1lvarez, Marcelo Ortiz, Carmita Zingone, Nen\u00e9 Silvestre, Maximiliano Rocha, Rub\u00e9n Guanca y las participaciones especiales de Nicol\u00e1s Gal\u00edndez, Manuel L\u00f3pez Soler, Magdalena Ocampo y Nicol\u00e1s Maragliano.<\/h3>\n","protected":false},"excerpt":{"rendered":"<h3>\u201cHOY TE RECONOC\u00cd\u201d, basada en la exitosa obra teatral del mismo nombre y que cuenta con autor\u00eda de Ignacio Oca\u00f1a.<\/h3>\n<h3>\u00a0Entrada General\u00a0 $10.000,\u00a0 a trav\u00e9s de www.auditorium.com, o por transferencia al n\u00famero 3874696634 (enviando comprobante adjunto).-<\/h3>\n","protected":false},"featured_media":4198,"comment_status":"open","ping_status":"closed","template":"","meta":[],"product_cat":[18],"product_tag":[],"class_list":{"0":"post-4196","1":"product","2":"type-product","3":"status-publish","4":"has-post-thumbnail","6":"product_cat-sin-categorizar","8":"first","9":"instock","10":"shipping-taxable","11":"purchasable","12":"product-type-variable"},"jetpack_sharing_enabled":true,"_links":{"self":[{"href":"https:\/\/www.auditoriumsalta.com\/index.php\/wp-json\/wp\/v2\/product\/4196","targetHints":{"allow":["GET"]}}],"collection":[{"href":"https:\/\/www.auditoriumsalta.com\/index.php\/wp-json\/wp\/v2\/product"}],"about":[{"href":"https:\/\/www.auditoriumsalta.com\/index.php\/wp-json\/wp\/v2\/types\/product"}],"replies":[{"embeddable":true,"href":"https:\/\/www.auditoriumsalta.com\/index.php\/wp-json\/wp\/v2\/comments?post=4196"}],"wp:featuredmedia":[{"embeddable":true,"href":"https:\/\/www.auditoriumsalta.com\/index.php\/wp-json\/wp\/v2\/media\/4198"}],"wp:attachment":[{"href":"https:\/\/www.auditoriumsalta.com\/index.php\/wp-json\/wp\/v2\/media?parent=4196"}],"wp:term":[{"taxonomy":"product_cat","embeddable":true,"href":"https:\/\/www.auditoriumsalta.com\/index.php\/wp-json\/wp\/v2\/product_cat?post=4196"},{"taxonomy":"product_tag","embeddable":true,"href":"https:\/\/www.auditoriumsalta.com\/index.php\/wp-json\/wp\/v2\/product_tag?post=4196"}],"curies":[{"name":"wp","href":"https:\/\/api.w.org\/{rel}","templated":true}]}}